{"id":320,"date":"2025-05-05T23:04:15","date_gmt":"2025-05-05T23:04:15","guid":{"rendered":"http:\/\/test.sayomi.de\/?page_id=320"},"modified":"2026-01-31T15:48:10","modified_gmt":"2026-01-31T15:48:10","slug":"presse","status":"publish","type":"page","link":"https:\/\/sayomi.de\/en\/presse\/","title":{"rendered":"Presse"},"content":{"rendered":"<p><a href=\"\/\"><img decoding=\"async\" src=\"\/wp-content\/uploads\/2025\/04\/Sayomi-Logo-gold.svg\" alt=\"\"><\/a><\/p>\n<div>\n<style>\n    #blue-footer-ellipse, #menu-list-widget > :nth-child(2) {\n    display:none;\n    }\n<\/style>\n<\/div>\n<h1>Presse<\/h1>\n<div>\n<p>Willkommen im Pressebereich vom Sayomi. Hier finden Sie aktuelle Presseartikel rund um unser Restaurant und unsere K\u00fcche. F\u00fcr Interviewanfragen, Medienkooperationen oder weiteres Pressematerial stehen wir Ihnen gerne pers\u00f6nlich zur Verf\u00fcgung. Wir freuen uns \u00fcber Ihr Interesse!\n<\/p>\n<\/div>\n<ul>\n<li>\n<h3>\u201eSayomi\u201c serviert japanische K\u00fcche mit Raffinesse<\/h3>\n<p>rp-online.de<\/p>\n<div>&#8220;D\u00fcsseldorf \u00b7 Im Restaurant \u201eSayomi \u2013 Japanische Fusion\u201c in D\u00fcsseldorf-Bilk bekommt man bereits beim Bl\u00e4ttern durch die umfangreiche Speisekarte Appetit. ..&#8221;<\/div>\n<p><a href=\"https:\/\/rp-online.de\/nrw\/staedte\/duesseldorf\/restaurants-und-cafes\/duesseldorf-bilk-restaurant-sayomi-serviert-japanische-sushi-kueche_aid-116134057\">Zum Artikel<\/a><\/p>\n<\/li>\n<li>\n<h3>Seeigel &#038; Co.: Was das neue japanische Lokal Sayomi bietet<\/h3>\n<p>nrz.de<\/p>\n<div>&#8220;D\u00fcsseldorf. In D\u00fcsseldorf-Bilk haben Xinxin Gao und ihr Mann das Restaurant Sayomi er\u00f6ffnet. Dabei setzen sie vor allem auf Feinkost \u2013 und haben gro\u00dfe Pl\u00e4ne&#8230;&#8221;<\/div>\n<p><a href=\"https:\/\/www.nrz.de\/staedte\/duesseldorf\/article242028144\/Neues-japanisches-Lokal-in-Duesseldorf-Was-das-Sayomi-bietet.html\">Zum Artikel<\/a><\/p>\n<\/li>\n<li>\n<h3>In der ehemaligen \u201eFlurklinik\u201c \u2013\u2009Japanische K\u00fcche in Flingern neu erleben<\/h3>\n<p>rp-online.de<\/p>\n<div>&#8221; Edle japanische Cuisine kann man an vielen Stellen in D\u00fcsseldorf probieren. Nun gibt es auch ein neues Restaurant in Flingern, das in den R\u00e4umen der ehemaligen \u201eFlurklinik\u201c er\u00f6ffnet hat. Bekannt ist das Konzept der Betreiber bereits aus Bilk.&#8221;<\/div>\n<p><a href=\"https:\/\/rp-online.de\/nrw\/staedte\/duesseldorf\/restaurants-und-cafes\/duesseldorf-flingern-neues-japanisches-restaurant-an-der-flurstrasse-eroeffnet_aid-127016291\">Zum Artikel<\/a><\/p>\n<\/li>\n<li>\n<h3>Japanische Fusionsk\u00fcche statt Ugly Deluxe<\/h3>\n<p>rp-online.de<\/p>\n<div>&#8220;D\u00fcsseldorf \u00b7 Wo bis zu Pandemie das trendige Lokal Ugly Deluxe Erfolge feierte, ist ein japanisches Restaurant eingezogen. Warum Gastgeberin Xinxin Gao eigens daf\u00fcr aus S\u00fcddeutschland an den Rhein gezogen ist.&#8221;<\/div>\n<p><a href=\"https:\/\/rp-online.de\/nrw\/staedte\/duesseldorf\/stadtteile\/bilk\/duesseldorf-japanische-fusionskkueche-wird-jetzt-in-bilk-serviert_aid-109953671\">Zum Artikel<\/a><\/p>\n<\/li>\n<li>\n<h3>Die 17 besten Sushi Restaurants in D\u00fcsseldorf<\/h3>\n<p>mrduesseldorf.de<\/p>\n<div>&#8220;Auf der Suche nach dem perfekten Spot f\u00fcr dein n\u00e4chstes Sushi-Date? Das stylische Sayomi in D\u00fcsseldorf-Bilk \u00fcberzeugt nicht nur mit seiner au\u00dfergew\u00f6hnlichen Einrichtung \u2013 inklusive eindrucksvoller Fisch-Dekorationen an der Decke \u2013 sondern auch mit einer fantastischen Auswahl an Sushi.&#8221;<\/div>\n<p><a href=\"https:\/\/www.mrduesseldorf.de\/die-besten-sushi-restaurants-in-duesseldorf\/\">Zum Artikel<\/a><\/p>\n<\/li>\n<\/ul>\n<p><!--more--><br \/>\n<!-- {\"type\":\"layout\",\"children\":[{\"type\":\"section\",\"props\":{\"css\":\".el-section {\\nbackground-attachment:fixed !important;\\n}\",\"header_transparent\":true,\"header_transparent_noplaceholder\":true,\"height_offset_top\":false,\"image\":\"wp-content\\\/uploads\\\/2025\\\/05\\\/IMG_7129.jpg\",\"image_effect\":\"fixed\",\"image_position\":\"bottom-center\",\"image_size\":\"cover\",\"media_overlay\":\"rgba(0, 0, 0, 0.43)\",\"media_overlay_gradient\":\"linear-gradient(180deg,rgba(0, 0, 0, 0) 42%, rgba(0, 0, 0, 1) 100%)\",\"padding\":\"large\",\"style\":\"default\",\"title_breakpoint\":\"xl\",\"title_position\":\"top-left\",\"title_rotation\":\"left\",\"vertical_align\":\"middle\",\"width\":\"default\"},\"children\":[{\"type\":\"row\",\"children\":[{\"type\":\"column\",\"props\":{\"image_position\":\"center-center\",\"position_sticky_breakpoint\":\"m\"},\"children\":[{\"type\":\"image\",\"props\":{\"css\":\"@media only screen and (max-width: 970px) {\\n    .el-element { width:250px;\\n    margin:0 auto;\\n    }\\n\\n}\\n\\n.el-element {\\n    z-index: 999 !important;\\n}\",\"image\":\"wp-content\\\/uploads\\\/2025\\\/04\\\/Sayomi-Logo-gold.svg\",\"image_svg_color\":\"emphasis\",\"link\":\".\\\/\",\"link_en_us\":\"en\\\/.\\\/\",\"margin\":\"default\",\"position\":\"relative\",\"text_align\":\"center\"}}]}]}]},{\"type\":\"section\",\"props\":{\"image_position\":\"center-center\",\"padding_remove_bottom\":true,\"padding_remove_top\":true,\"style\":\"default\",\"title_breakpoint\":\"xl\",\"title_position\":\"top-left\",\"title_rotation\":\"left\",\"vertical_align\":\"middle\",\"width\":\"default\"},\"children\":[{\"type\":\"row\",\"children\":[{\"type\":\"column\",\"props\":{\"image_position\":\"center-center\",\"position_sticky_breakpoint\":\"m\"},\"children\":[{\"type\":\"html\",\"props\":{\"content\":\"\n\n<style>\\n    #blue-footer-ellipse, #menu-list-widget > :nth-child(2) {\\n    display:none;\\n    }\\n<\\\/style>\\n\"}}]}]}]},{\"type\":\"section\",\"props\":{\"image_position\":\"center-center\",\"padding\":\"xlarge\",\"style\":\"default\",\"title_breakpoint\":\"xl\",\"title_position\":\"top-left\",\"title_rotation\":\"left\",\"vertical_align\":\"middle\",\"width\":\"default\"},\"children\":[{\"type\":\"row\",\"children\":[{\"type\":\"column\",\"props\":{\"image_position\":\"center-center\",\"position_sticky_breakpoint\":\"m\"},\"children\":[{\"type\":\"headline\",\"props\":{\"content\":\"Presse\",\"content_en_us\":\"Press\",\"css\":\".el-element {\\ncolor:#DEA432 !important;\\n}\",\"text_align\":\"center\",\"title_color\":\"primary\",\"title_element\":\"h1\"}},{\"type\":\"text\",\"props\":{\"column_breakpoint\":\"m\",\"content\":\"\n\n<p>Willkommen im Pressebereich vom Sayomi. Hier finden Sie aktuelle Presseartikel rund um unser Restaurant und unsere K\\u00fcche. F\\u00fcr Interviewanfragen, Medienkooperationen oder weiteres Pressematerial stehen wir Ihnen gerne pers\\u00f6nlich zur Verf\\u00fcgung. Wir freuen uns \\u00fcber Ihr Interesse!\\n<\\\/p>\",\"content_en_us\":\"\n\n<p>Welcome to the Sayomi press area. Here you will find current press articles about our restaurant and our cuisine. For interview requests, media cooperations or further press material, please do not hesitate to contact us personally. Thank you for your interest!<\\\/p>\\n\n\n<p>Disclaimer: the articles are in German.<\\\/p>\",\"css\":\".el-element, .el-element p {\\nfont-size:22px;\\nline-height:1.5;\\n    font-family:'Inter';\\n    font-weight:300 !important;\\n}\\n\\n@media only screen and (max-width: 970px) {\\n    .el-element {\\n    font-size:18px;\\n    }\\n}\",\"margin\":\"large\",\"text_align\":\"center\"}}]}]}]},{\"type\":\"section\",\"props\":{\"image_position\":\"center-center\",\"style\":\"default\",\"title_breakpoint\":\"xl\",\"title_position\":\"top-left\",\"title_rotation\":\"left\",\"vertical_align\":\"middle\",\"width\":\"default\"},\"children\":[{\"type\":\"row\",\"children\":[{\"type\":\"column\",\"props\":{\"image_position\":\"center-center\",\"position_sticky_breakpoint\":\"m\"},\"children\":[{\"type\":\"grid\",\"props\":{\"content_column_breakpoint\":\"m\",\"css\":\".el-title {\\ncolor:#DEA432 !important;\\n}\\n\\n.el-link {\\nfont-size:17px;\\nfont-weight:300;\\nletter-spacing:1px;\\n}\",\"filter_align\":\"left\",\"filter_all\":true,\"filter_grid_breakpoint\":\"m\",\"filter_grid_width\":\"auto\",\"filter_position\":\"top\",\"filter_style\":\"tab\",\"grid_default\":\"1\",\"grid_medium\":\"3\",\"icon_width\":80,\"image_align\":\"top\",\"image_grid_breakpoint\":\"m\",\"image_grid_width\":\"1-2\",\"image_svg_color\":\"emphasis\",\"item_animation\":true,\"lightbox_bg_close\":true,\"link_style\":\"text\",\"link_text\":\"Zum Artikel\",\"link_text_en_us\":\"Go to article\",\"margin\":\"default\",\"meta_align\":\"below-title\",\"meta_element\":\"div\",\"meta_style\":\"text-meta\",\"show_content\":true,\"show_hover_image\":true,\"show_hover_video\":true,\"show_image\":true,\"show_link\":true,\"show_meta\":true,\"show_title\":true,\"show_video\":true,\"title_align\":\"top\",\"title_element\":\"h3\",\"title_grid_breakpoint\":\"m\",\"title_grid_width\":\"1-2\",\"title_hover_style\":\"reset\"},\"children\":[{\"type\":\"grid_item\",\"props\":{\"content\":\"\\\"D\\u00fcsseldorf \\u00b7 Im Restaurant \\u201eSayomi \\u2013 Japanische Fusion\\u201c in D\\u00fcsseldorf-Bilk bekommt man bereits beim Bl\\u00e4ttern durch die umfangreiche Speisekarte Appetit. ..\\\"\",\"link\":\"https:\\\/\\\/rp-online.de\\\/nrw\\\/staedte\\\/duesseldorf\\\/restaurants-und-cafes\\\/duesseldorf-bilk-restaurant-sayomi-serviert-japanische-sushi-kueche_aid-116134057\",\"meta\":\"rp-online.de\",\"title\":\"\\u201eSayomi\\u201c serviert japanische K\\u00fcche mit Raffinesse\"}},{\"type\":\"grid_item\",\"props\":{\"content\":\"\\\"D\\u00fcsseldorf. In D\\u00fcsseldorf-Bilk haben Xinxin Gao und ihr Mann das Restaurant Sayomi er\\u00f6ffnet. Dabei setzen sie vor allem auf Feinkost \\u2013 und haben gro\\u00dfe Pl\\u00e4ne...\\\"\",\"link\":\"https:\\\/\\\/www.nrz.de\\\/staedte\\\/duesseldorf\\\/article242028144\\\/Neues-japanisches-Lokal-in-Duesseldorf-Was-das-Sayomi-bietet.html\",\"meta\":\"nrz.de\",\"title\":\"Seeigel & Co.: Was das neue japanische Lokal Sayomi bietet\"}},{\"type\":\"grid_item\",\"props\":{\"content\":\"\\\" Edle japanische Cuisine kann man an vielen Stellen in D\\u00fcsseldorf probieren. Nun gibt es auch ein neues Restaurant in Flingern, das in den R\\u00e4umen der ehemaligen \\u201eFlurklinik\\u201c er\\u00f6ffnet hat. Bekannt ist das Konzept der Betreiber bereits aus Bilk.\\\"\",\"link\":\"https:\\\/\\\/rp-online.de\\\/nrw\\\/staedte\\\/duesseldorf\\\/restaurants-und-cafes\\\/duesseldorf-flingern-neues-japanisches-restaurant-an-der-flurstrasse-eroeffnet_aid-127016291\",\"meta\":\"rp-online.de\",\"title\":\"In der ehemaligen \\u201eFlurklinik\\u201c \\u2013\\u2009Japanische K\\u00fcche in Flingern neu erleben\"}},{\"type\":\"grid_item\",\"props\":{\"content\":\"\\\"D\\u00fcsseldorf \\u00b7 Wo bis zu Pandemie das trendige Lokal Ugly Deluxe Erfolge feierte, ist ein japanisches Restaurant eingezogen. Warum Gastgeberin Xinxin Gao eigens daf\\u00fcr aus S\\u00fcddeutschland an den Rhein gezogen ist.\\\"\",\"link\":\"https:\\\/\\\/rp-online.de\\\/nrw\\\/staedte\\\/duesseldorf\\\/stadtteile\\\/bilk\\\/duesseldorf-japanische-fusionskkueche-wird-jetzt-in-bilk-serviert_aid-109953671\",\"meta\":\"rp-online.de\",\"title\":\"Japanische Fusionsk\\u00fcche statt Ugly Deluxe\"}},{\"type\":\"grid_item\",\"props\":{\"content\":\"\\\"Auf der Suche nach dem perfekten Spot f\\u00fcr dein n\\u00e4chstes Sushi-Date? Das stylische Sayomi in D\\u00fcsseldorf-Bilk \\u00fcberzeugt nicht nur mit seiner au\\u00dfergew\\u00f6hnlichen Einrichtung \\u2013 inklusive eindrucksvoller Fisch-Dekorationen an der Decke \\u2013 sondern auch mit einer fantastischen Auswahl an Sushi.\\\"\",\"link\":\"https:\\\/\\\/www.mrduesseldorf.de\\\/die-besten-sushi-restaurants-in-duesseldorf\\\/\",\"meta\":\"mrduesseldorf.de\",\"title\":\"Die 17 besten Sushi Restaurants in D\\u00fcsseldorf\"}}]}]}]}]}],\"version\":\"4.5.32\"} --><\/p>\n","protected":false},"excerpt":{"rendered":"<p>Press Welcome to the Sayomi press area. Here you will find current press articles about our restaurant and our cuisine. For interview requests, media cooperations or further press material, please do not hesitate to contact us personally. Thank you for your interest! Disclaimer: the articles are in German. \u201eSayomi\u201c serviert japanische K\u00fcche mit Raffinesse rp-online.de [&hellip;]<\/p>\n","protected":false},"author":1,"featured_media":0,"parent":0,"menu_order":0,"comment_status":"closed","ping_status":"closed","template":"","meta":{"footnotes":""},"class_list":["post-320","page","type-page","status-publish","hentry"],"_links":{"self":[{"href":"https:\/\/sayomi.de\/en\/wp-json\/wp\/v2\/pages\/320","targetHints":{"allow":["GET"]}}],"collection":[{"href":"https:\/\/sayomi.de\/en\/wp-json\/wp\/v2\/pages"}],"about":[{"href":"https:\/\/sayomi.de\/en\/wp-json\/wp\/v2\/types\/page"}],"author":[{"embeddable":true,"href":"https:\/\/sayomi.de\/en\/wp-json\/wp\/v2\/users\/1"}],"replies":[{"embeddable":true,"href":"https:\/\/sayomi.de\/en\/wp-json\/wp\/v2\/comments?post=320"}],"version-history":[{"count":23,"href":"https:\/\/sayomi.de\/en\/wp-json\/wp\/v2\/pages\/320\/revisions"}],"predecessor-version":[{"id":712,"href":"https:\/\/sayomi.de\/en\/wp-json\/wp\/v2\/pages\/320\/revisions\/712"}],"wp:attachment":[{"href":"https:\/\/sayomi.de\/en\/wp-json\/wp\/v2\/media?parent=320"}],"curies":[{"name":"wp","href":"https:\/\/api.w.org\/{rel}","templated":true}]}}